{"id":21251,"date":"2024-11-24T19:25:48","date_gmt":"2024-11-24T19:25:48","guid":{"rendered":"https:\/\/exclusive-consultant.com\/?page_id=21251"},"modified":"2024-11-25T19:53:03","modified_gmt":"2024-11-25T19:53:03","slug":"cgv","status":"publish","type":"page","link":"https:\/\/exclusive-consultant.com\/?page_id=21251","title":{"rendered":"CGV"},"content":{"rendered":"<p>[et_pb_section fb_built=\u00a0\u00bb1&Prime; _builder_version=\u00a0\u00bb4.27.3&Prime; _module_preset=\u00a0\u00bbdefault\u00a0\u00bb custom_padding=\u00a0\u00bb0px||0px|||\u00a0\u00bb sticky_position=\u00a0\u00bbtop\u00a0\u00bb global_colors_info=\u00a0\u00bb{}\u00a0\u00bb][et_pb_row _builder_version=\u00a0\u00bb4.22.2&Prime; _module_preset=\u00a0\u00bbdefault\u00a0\u00bb custom_padding=\u00a0\u00bb0px||0px|||\u00a0\u00bb global_colors_info=\u00a0\u00bb{}\u00a0\u00bb][et_pb_column type=\u00a0\u00bb4_4&Prime; _builder_version=\u00a0\u00bb4.22.2&Prime; _module_preset=\u00a0\u00bbdefault\u00a0\u00bb global_colors_info=\u00a0\u00bb{}\u00a0\u00bb][et_pb_menu menu_id=\u00a0\u00bb13&Prime; menu_style=\u00a0\u00bbinline_centered_logo\u00a0\u00bb logo=\u00a0\u00bbhttps:\/\/exclusive-consultant.com\/wp-content\/uploads\/2024\/11\/CUserscedriOneDriveBureauScreenshot2024-11-25-00_12_24-Logo-EC-Logo-Canva.jpg.jpg\u00a0\u00bb logo_url=\u00a0\u00bb@ET-DC@eyJkeW5hbWljIjp0cnVlLCJjb250ZW50IjoicG9zdF9saW5rX3VybF9wYWdlIiwic2V0dGluZ3MiOnsicG9zdF9pZCI6IjcifX0=@\u00a0\u00bb logo_last_edited=\u00a0\u00bbon|phone\u00a0\u00bb _builder_version=\u00a0\u00bb4.27.3&Prime; _dynamic_attributes=\u00a0\u00bblogo_url\u00a0\u00bb _module_preset=\u00a0\u00bbdefault\u00a0\u00bb custom_padding=\u00a0\u00bb||0px|||\u00a0\u00bb hover_enabled=\u00a0\u00bb0&Prime; global_colors_info=\u00a0\u00bb{}\u00a0\u00bb sticky_enabled=\u00a0\u00bb0&Prime; logo_phone=\u00a0\u00bb\u00a0\u00bb module_class=\u00a0\u00bbpa-open-mobile-menu\u00a0\u00bb logo_tablet=\u00a0\u00bbhttps:\/\/exclusive-consultant.com\/wp-content\/uploads\/2024\/11\/CUserscedriOneDriveBureauScreenshot2024-11-25-00_12_24-Logo-EC-Logo-Canva.jpg.jpg\u00a0\u00bb][\/et_pb_menu][\/et_pb_column][\/et_pb_row][\/et_pb_section][et_pb_section fb_built=\u00a0\u00bb1&Prime; admin_label=\u00a0\u00bbAbout\u00a0\u00bb _builder_version=\u00a0\u00bb4.16&Prime; custom_padding=\u00a0\u00bb61px|0px|0px|0px||\u00a0\u00bb global_colors_info=\u00a0\u00bb{}\u00a0\u00bb][et_pb_row use_custom_gutter=\u00a0\u00bbon\u00a0\u00bb gutter_width=\u00a0\u00bb0&Prime; _builder_version=\u00a0\u00bb4.20.2&Prime; custom_margin=\u00a0\u00bb|||\u00a0\u00bb custom_padding=\u00a0\u00bb|||\u00a0\u00bb global_colors_info=\u00a0\u00bb{}\u00a0\u00bb][et_pb_column type=\u00a0\u00bb4_4&Prime; _builder_version=\u00a0\u00bb4.16&Prime; custom_padding=\u00a0\u00bb|||\u00a0\u00bb global_colors_info=\u00a0\u00bb{}\u00a0\u00bb custom_padding__hover=\u00a0\u00bb|||\u00a0\u00bb][et_pb_text _builder_version=\u00a0\u00bb4.22.2&Prime; text_font=\u00a0\u00bb||||||||\u00a0\u00bb header_font=\u00a0\u00bb||||||||\u00a0\u00bb header_2_font=\u00a0\u00bbMerriweather|700|||||||\u00a0\u00bb header_2_font_size=\u00a0\u00bb40px\u00a0\u00bb header_2_line_height=\u00a0\u00bb1.3em\u00a0\u00bb custom_margin=\u00a0\u00bb|||\u00a0\u00bb custom_padding=\u00a0\u00bb|||\u00a0\u00bb header_2_text_color_tablet=\u00a0\u00bb\u00a0\u00bb header_2_text_color_phone=\u00a0\u00bb\u00a0\u00bb header_2_text_color_last_edited=\u00a0\u00bbon|phone\u00a0\u00bb header_2_font_size_tablet=\u00a0\u00bb40px\u00a0\u00bb header_2_font_size_phone=\u00a0\u00bb30px\u00a0\u00bb header_2_font_size_last_edited=\u00a0\u00bbon|desktop\u00a0\u00bb global_colors_info=\u00a0\u00bb{}\u00a0\u00bb]<\/p>\n<h2><span style=\"color: #846d62;\">Conditions g\u00e9n\u00e9rales de ventes<\/span><\/h2>\n<p>[\/et_pb_text][et_pb_divider color=\u00a0\u00bb#846d62&Prime; divider_position=\u00a0\u00bbcenter\u00a0\u00bb divider_weight=\u00a0\u00bb3px\u00a0\u00bb _builder_version=\u00a0\u00bb4.22.2&Prime; max_width=\u00a0\u00bb90px\u00a0\u00bb max_width_tablet=\u00a0\u00bb13%\u00a0\u00bb max_width_last_edited=\u00a0\u00bboff|desktop\u00a0\u00bb custom_margin=\u00a0\u00bb15px|||\u00a0\u00bb custom_padding=\u00a0\u00bb|||\u00a0\u00bb global_colors_info=\u00a0\u00bb{}\u00a0\u00bb][\/et_pb_divider][et_pb_text admin_label=\u00a0\u00bbdescription\u00a0\u00bb _builder_version=\u00a0\u00bb4.22.2&Prime; text_font=\u00a0\u00bb||||||||\u00a0\u00bb text_font_size=\u00a0\u00bb20px\u00a0\u00bb text_line_height=\u00a0\u00bb1.8em\u00a0\u00bb max_width_tablet=\u00a0\u00bb89%\u00a0\u00bb max_width_phone=\u00a0\u00bb97%\u00a0\u00bb max_width_last_edited=\u00a0\u00bboff|desktop\u00a0\u00bb custom_margin=\u00a0\u00bb30px|||\u00a0\u00bb custom_padding=\u00a0\u00bb|||\u00a0\u00bb global_colors_info=\u00a0\u00bb{}\u00a0\u00bb]<\/p>\n<h3><strong>ARTICLE 1 : Objet<\/strong><\/h3>\n<p>Les pr\u00e9sentes Conditions G\u00e9n\u00e9rales de Vente (CGV) d\u00e9finissent les droits et obligations des parties dans le cadre de la vente de prestations de formation propos\u00e9es par<span>\u00a0<\/span><strong>Exclusive Consultant<\/strong><span>\u00a0<\/span>(ci-apr\u00e8s la \u00ab Soci\u00e9t\u00e9 \u00bb).<br \/>Toute commande pass\u00e9e implique l&rsquo;adh\u00e9sion pleine et enti\u00e8re aux pr\u00e9sentes CGV.<\/p>\n<hr \/>\n<h3><strong>ARTICLE 2 : Prestations propos\u00e9es<\/strong><\/h3>\n<p>Exclusive Consultant propose des formations professionnelles destin\u00e9es aux particuliers et aux entreprises.<br \/>Les caract\u00e9ristiques des formations (dur\u00e9e, contenu, pr\u00e9requis) sont d\u00e9taill\u00e9es dans les documents commerciaux et sur le site internet de la Soci\u00e9t\u00e9.<\/p>\n<hr \/>\n<h3><strong>ARTICLE 3 : Commande et inscription<\/strong><\/h3>\n<p>L\u2019inscription \u00e0 une formation s\u2019effectue par signature bon de commande.<br \/>La validation de l\u2019inscription est soumise \u00e0 :<\/p>\n<ul>\n<li>La r\u00e9ception du paiement.<\/li>\n<li>L\u2019acceptation expresse des pr\u00e9sentes CGV.<\/li>\n<\/ul>\n<hr \/>\n<h3><strong>ARTICLE 4 : Tarifs et modalit\u00e9s de paiement<\/strong><\/h3>\n<p>Les tarifs des formations sont indiqu\u00e9s en euros hors taxes (HT) et sont soumis \u00e0 la TVA au taux en vigueur.<br \/>Le paiement peut \u00eatre r\u00e9alis\u00e9 :<\/p>\n<ul>\n<li>Par virement bancaire<\/li>\n<li>Par ch\u00e8que (uniquement pour les r\u00e9sidents en France).<\/li>\n<\/ul>\n<hr \/>\n<h3><strong>ARTICLE 5 : Annulation et remboursement<\/strong><\/h3>\n<h4><strong>Annulation par le client<\/strong><\/h4>\n<ol>\n<li>\n<p><strong>Avant le d\u00e9but de la formation<\/strong><span>\u00a0<\/span>:<\/p>\n<ul>\n<li>Toute annulation doit \u00eatre notifi\u00e9e par \u00e9crit (e-mail ou courrier recommand\u00e9).<\/li>\n<\/ul>\n<\/li>\n<li>\n<p><strong>Apr\u00e8s le d\u00e9but de la formation<\/strong><span>\u00a0<\/span>:<\/p>\n<ul>\n<li>Tout module ou session entam\u00e9(e) est d\u00fb(e) et ne donnera pas lieu \u00e0 un remboursement au prorata temporis.<\/li>\n<li>En cas d&rsquo;abandon ou d&rsquo;absence, la totalit\u00e9 des frais engag\u00e9s reste due par le client.<\/li>\n<\/ul>\n<\/li>\n<\/ol>\n<h4><strong>Annulation par Exclusive Consultant<\/strong><\/h4>\n<p>En cas d&rsquo;annulation ou de report d\u2019une formation par la Soci\u00e9t\u00e9, le client pourra choisir entre :<\/p>\n<ul>\n<li>Un remboursement int\u00e9gral des sommes vers\u00e9es,<\/li>\n<li>Un report de son inscription sur une autre session \u00e9quivalente.<\/li>\n<\/ul>\n<hr \/>\n<h3><strong>ARTICLE 6 : Modalit\u00e9s de r\u00e9alisation des formations<\/strong><\/h3>\n<p>Les formations sont r\u00e9alis\u00e9es selon les modalit\u00e9s pr\u00e9cis\u00e9es dans l\u2019offre commerciale (pr\u00e9sentiel, distanciel, e-learning).<br \/>Exclusive Consultant s\u2019engage \u00e0 mettre \u00e0 disposition les formateurs qualifi\u00e9s et les supports p\u00e9dagogiques n\u00e9cessaires.<br \/>La Soci\u00e9t\u00e9 ne peut \u00eatre tenue responsable des interruptions ou perturbations caus\u00e9es par des cas de force majeure (gr\u00e8ves, intemp\u00e9ries, coupures de r\u00e9seau, etc.).<\/p>\n<hr \/>\n<h3><strong>ARTICLE 7 : Propri\u00e9t\u00e9 intellectuelle<\/strong><\/h3>\n<p>Les supports de formation, contenus p\u00e9dagogiques et tout mat\u00e9riel mis \u00e0 disposition demeurent la propri\u00e9t\u00e9 exclusive d\u2019Exclusive Consultant.<br \/>Toute reproduction, diffusion ou utilisation sans autorisation pr\u00e9alable est strictement interdite.<\/p>\n<hr \/>\n<h3><strong>ARTICLE 8 : Donn\u00e9es personnelles<\/strong><\/h3>\n<p>Les donn\u00e9es personnelles des clients sont collect\u00e9es et trait\u00e9es conform\u00e9ment \u00e0 la r\u00e9glementation RGPD en vigueur.<br \/>Les clients disposent d\u2019un droit d\u2019acc\u00e8s, de rectification et de suppression de leurs donn\u00e9es en contactant la Soci\u00e9t\u00e9 \u00e0 : exclusiveconsultant@outlook.com<\/p>\n<hr \/>\n<h3><strong>ARTICLE 9 : Responsabilit\u00e9<\/strong><\/h3>\n<p>Exclusive Consultant s\u2019efforce de d\u00e9livrer des formations conformes aux attentes des clients, mais ne garantit aucun r\u00e9sultat ou performance sp\u00e9cifique.<br \/>La Soci\u00e9t\u00e9 ne saurait \u00eatre tenue responsable en cas de :<\/p>\n<ul>\n<li>Non-respect des pr\u00e9requis par le participant,<\/li>\n<li>Probl\u00e8mes techniques li\u00e9s aux outils informatiques du client (pour les formations en ligne),<\/li>\n<li>Pr\u00e9judice indirect ou immat\u00e9riel subi par le client.<\/li>\n<\/ul>\n<hr \/>\n<h3><strong>ARTICLE 10 : Litiges et droit applicable<\/strong><\/h3>\n<p>Les pr\u00e9sentes CGV sont r\u00e9gies par le droit fran\u00e7ais.<br \/>En cas de litige, les parties s\u2019engagent \u00e0 rechercher une solution amiable. \u00c0 d\u00e9faut, le diff\u00e9rend sera soumis aux tribunaux comp\u00e9tents de Toulouse.<\/p>\n<hr \/>\n<p><strong>Pour toute question ou demande compl\u00e9mentaire, veuillez nous contacter \u00e0<\/strong><span>\u00a0<\/span>: exclusiveconsultant@outlook.com<span><\/span><\/p>\n<p>[\/et_pb_text][\/et_pb_column][\/et_pb_row][\/et_pb_section][et_pb_section fb_built=\u00a0\u00bb1&Prime; _builder_version=\u00a0\u00bb4.16&Prime; _module_preset=\u00a0\u00bbdefault\u00a0\u00bb custom_margin=\u00a0\u00bb||-7px|||\u00a0\u00bb custom_padding=\u00a0\u00bb0px||0px|||\u00a0\u00bb global_colors_info=\u00a0\u00bb{}\u00a0\u00bb][et_pb_row use_custom_gutter=\u00a0\u00bbon\u00a0\u00bb gutter_width=\u00a0\u00bb1&Prime; make_equal=\u00a0\u00bbon\u00a0\u00bb _builder_version=\u00a0\u00bb4.16&Prime; background_color=\u00a0\u00bb#141414&Prime; width=\u00a0\u00bb100%\u00a0\u00bb max_width=\u00a0\u00bb100%\u00a0\u00bb custom_padding=\u00a0\u00bb0px||||false|false\u00a0\u00bb global_colors_info=\u00a0\u00bb{}\u00a0\u00bb][et_pb_column type=\u00a0\u00bb4_4&Prime; _builder_version=\u00a0\u00bb4.16&Prime; global_colors_info=\u00a0\u00bb{}\u00a0\u00bb][et_pb_divider color=\u00a0\u00bb#846d62&Prime; divider_position=\u00a0\u00bbcenter\u00a0\u00bb _builder_version=\u00a0\u00bb4.22.2&Prime; custom_margin=\u00a0\u00bb10px||||false|false\u00a0\u00bb custom_padding=\u00a0\u00bb||0px|||\u00a0\u00bb global_colors_info=\u00a0\u00bb{}\u00a0\u00bb][\/et_pb_divider][et_pb_menu menu_id=\u00a0\u00bb3&Prime; menu_style=\u00a0\u00bbcentered\u00a0\u00bb submenu_direction=\u00a0\u00bbupwards\u00a0\u00bb active_link_color=\u00a0\u00bb#E09900&Prime; module_class=\u00a0\u00bbpa-open-mobile-menu\u00a0\u00bb _builder_version=\u00a0\u00bb4.27.3&Prime; _module_preset=\u00a0\u00bbdefault\u00a0\u00bb menu_text_color=\u00a0\u00bb#FFFFFF\u00a0\u00bb background_color=\u00a0\u00bbRGBA(255,255,255,0)\u00a0\u00bb global_colors_info=\u00a0\u00bb{}\u00a0\u00bb][\/et_pb_menu][et_pb_text _builder_version=\u00a0\u00bb4.22.2&Prime; text_font=\u00a0\u00bbRoboto Condensed||||||||\u00a0\u00bb text_text_color=\u00a0\u00bb#FFFFFF\u00a0\u00bb text_font_size=\u00a0\u00bb15px\u00a0\u00bb text_line_height=\u00a0\u00bb0.9em\u00a0\u00bb text_orientation=\u00a0\u00bbcenter\u00a0\u00bb custom_margin=\u00a0\u00bb14px||||false|false\u00a0\u00bb text_line_height_tablet=\u00a0\u00bb\u00a0\u00bb text_line_height_phone=\u00a0\u00bb1.3em\u00a0\u00bb text_line_height_last_edited=\u00a0\u00bbon|desktop\u00a0\u00bb global_colors_info=\u00a0\u00bb{}\u00a0\u00bb text_line_height__hover_enabled=\u00a0\u00bboff|desktop\u00a0\u00bb]<\/p>\n<p>Copyright \u00a9 2024 &#8211; Conception <a href=\"https:\/\/vermon.site\"> <span style=\"color: #846d62;\">Agence Vermon<\/span><\/a><\/p>\n<p>[\/et_pb_text][\/et_pb_column][\/et_pb_row][\/et_pb_section]<\/p>\n","protected":false},"excerpt":{"rendered":"<p>Conditions g\u00e9n\u00e9rales de ventesARTICLE 1 : Objet Les pr\u00e9sentes Conditions G\u00e9n\u00e9rales de Vente (CGV) d\u00e9finissent les droits et obligations des parties dans le cadre de la vente de prestations de formation propos\u00e9es par\u00a0Exclusive Consultant\u00a0(ci-apr\u00e8s la \u00ab Soci\u00e9t\u00e9 \u00bb).Toute commande pass\u00e9e implique l&rsquo;adh\u00e9sion pleine et enti\u00e8re aux pr\u00e9sentes CGV. ARTICLE 2 : Prestations propos\u00e9es Exclusive Consultant [&hellip;]<\/p>\n","protected":false},"author":1,"featured_media":0,"parent":0,"menu_order":0,"comment_status":"closed","ping_status":"closed","template":"page-template-blank.php","meta":{"_et_pb_use_builder":"on","_et_pb_old_content":"","_et_gb_content_width":"","footnotes":""},"class_list":["post-21251","page","type-page","status-publish","hentry"],"yoast_head":"<!-- This site is optimized with the Yoast SEO plugin v23.7 - https:\/\/yoast.com\/wordpress\/plugins\/seo\/ -->\n<title>CGV - Exclusive Consultant<\/title>\n<meta name=\"robots\" content=\"index, follow, max-snippet:-1, max-image-preview:large, max-video-preview:-1\" \/>\n<link rel=\"canonical\" href=\"https:\/\/exclusive-consultant.com\/?page_id=21251\" \/>\n<meta property=\"og:locale\" content=\"fr_FR\" \/>\n<meta property=\"og:type\" content=\"article\" \/>\n<meta property=\"og:title\" content=\"CGV - Exclusive Consultant\" \/>\n<meta property=\"og:description\" content=\"Conditions g\u00e9n\u00e9rales de ventesARTICLE 1 : Objet Les pr\u00e9sentes Conditions G\u00e9n\u00e9rales de Vente (CGV) d\u00e9finissent les droits et obligations des parties dans le cadre de la vente de prestations de formation propos\u00e9es par\u00a0Exclusive Consultant\u00a0(ci-apr\u00e8s la \u00ab Soci\u00e9t\u00e9 \u00bb).Toute commande pass\u00e9e implique l&#039;adh\u00e9sion pleine et enti\u00e8re aux pr\u00e9sentes CGV. ARTICLE 2 : Prestations propos\u00e9es Exclusive Consultant [&hellip;]\" \/>\n<meta property=\"og:url\" content=\"https:\/\/exclusive-consultant.com\/?page_id=21251\" \/>\n<meta property=\"og:site_name\" content=\"Exclusive Consultant\" \/>\n<meta property=\"article:modified_time\" content=\"2024-11-25T19:53:03+00:00\" \/>\n<meta name=\"twitter:card\" content=\"summary_large_image\" \/>\n<meta name=\"twitter:label1\" content=\"Dur\u00e9e de lecture estim\u00e9e\" \/>\n\t<meta name=\"twitter:data1\" content=\"3 minutes\" \/>\n<script type=\"application\/ld+json\" class=\"yoast-schema-graph\">{\"@context\":\"https:\/\/schema.org\",\"@graph\":[{\"@type\":\"WebPage\",\"@id\":\"https:\/\/exclusive-consultant.com\/?page_id=21251\",\"url\":\"https:\/\/exclusive-consultant.com\/?page_id=21251\",\"name\":\"CGV - Exclusive Consultant\",\"isPartOf\":{\"@id\":\"https:\/\/exclusive-consultant.com\/#website\"},\"datePublished\":\"2024-11-24T19:25:48+00:00\",\"dateModified\":\"2024-11-25T19:53:03+00:00\",\"breadcrumb\":{\"@id\":\"https:\/\/exclusive-consultant.com\/?page_id=21251#breadcrumb\"},\"inLanguage\":\"fr-FR\",\"potentialAction\":[{\"@type\":\"ReadAction\",\"target\":[\"https:\/\/exclusive-consultant.com\/?page_id=21251\"]}]},{\"@type\":\"BreadcrumbList\",\"@id\":\"https:\/\/exclusive-consultant.com\/?page_id=21251#breadcrumb\",\"itemListElement\":[{\"@type\":\"ListItem\",\"position\":1,\"name\":\"Home\",\"item\":\"https:\/\/exclusive-consultant.com\/\"},{\"@type\":\"ListItem\",\"position\":2,\"name\":\"CGV\"}]},{\"@type\":\"WebSite\",\"@id\":\"https:\/\/exclusive-consultant.com\/#website\",\"url\":\"https:\/\/exclusive-consultant.com\/\",\"name\":\"Exclusive Consultant\",\"description\":\"Formation &amp; R\u00e9daction du DUERP\",\"potentialAction\":[{\"@type\":\"SearchAction\",\"target\":{\"@type\":\"EntryPoint\",\"urlTemplate\":\"https:\/\/exclusive-consultant.com\/?s={search_term_string}\"},\"query-input\":{\"@type\":\"PropertyValueSpecification\",\"valueRequired\":true,\"valueName\":\"search_term_string\"}}],\"inLanguage\":\"fr-FR\"}]}<\/script>\n<!-- \/ Yoast SEO plugin. -->","yoast_head_json":{"title":"CGV - Exclusive Consultant","robots":{"index":"index","follow":"follow","max-snippet":"max-snippet:-1","max-image-preview":"max-image-preview:large","max-video-preview":"max-video-preview:-1"},"canonical":"https:\/\/exclusive-consultant.com\/?page_id=21251","og_locale":"fr_FR","og_type":"article","og_title":"CGV - Exclusive Consultant","og_description":"Conditions g\u00e9n\u00e9rales de ventesARTICLE 1 : Objet Les pr\u00e9sentes Conditions G\u00e9n\u00e9rales de Vente (CGV) d\u00e9finissent les droits et obligations des parties dans le cadre de la vente de prestations de formation propos\u00e9es par\u00a0Exclusive Consultant\u00a0(ci-apr\u00e8s la \u00ab Soci\u00e9t\u00e9 \u00bb).Toute commande pass\u00e9e implique l'adh\u00e9sion pleine et enti\u00e8re aux pr\u00e9sentes CGV. ARTICLE 2 : Prestations propos\u00e9es Exclusive Consultant [&hellip;]","og_url":"https:\/\/exclusive-consultant.com\/?page_id=21251","og_site_name":"Exclusive Consultant","article_modified_time":"2024-11-25T19:53:03+00:00","twitter_card":"summary_large_image","twitter_misc":{"Dur\u00e9e de lecture estim\u00e9e":"3 minutes"},"schema":{"@context":"https:\/\/schema.org","@graph":[{"@type":"WebPage","@id":"https:\/\/exclusive-consultant.com\/?page_id=21251","url":"https:\/\/exclusive-consultant.com\/?page_id=21251","name":"CGV - Exclusive Consultant","isPartOf":{"@id":"https:\/\/exclusive-consultant.com\/#website"},"datePublished":"2024-11-24T19:25:48+00:00","dateModified":"2024-11-25T19:53:03+00:00","breadcrumb":{"@id":"https:\/\/exclusive-consultant.com\/?page_id=21251#breadcrumb"},"inLanguage":"fr-FR","potentialAction":[{"@type":"ReadAction","target":["https:\/\/exclusive-consultant.com\/?page_id=21251"]}]},{"@type":"BreadcrumbList","@id":"https:\/\/exclusive-consultant.com\/?page_id=21251#breadcrumb","itemListElement":[{"@type":"ListItem","position":1,"name":"Home","item":"https:\/\/exclusive-consultant.com\/"},{"@type":"ListItem","position":2,"name":"CGV"}]},{"@type":"WebSite","@id":"https:\/\/exclusive-consultant.com\/#website","url":"https:\/\/exclusive-consultant.com\/","name":"Exclusive Consultant","description":"Formation &amp; R\u00e9daction du DUERP","potentialAction":[{"@type":"SearchAction","target":{"@type":"EntryPoint","urlTemplate":"https:\/\/exclusive-consultant.com\/?s={search_term_string}"},"query-input":{"@type":"PropertyValueSpecification","valueRequired":true,"valueName":"search_term_string"}}],"inLanguage":"fr-FR"}]}},"_links":{"self":[{"href":"https:\/\/exclusive-consultant.com\/index.php?rest_route=\/wp\/v2\/pages\/21251","targetHints":{"allow":["GET"]}}],"collection":[{"href":"https:\/\/exclusive-consultant.com\/index.php?rest_route=\/wp\/v2\/pages"}],"about":[{"href":"https:\/\/exclusive-consultant.com\/index.php?rest_route=\/wp\/v2\/types\/page"}],"author":[{"embeddable":true,"href":"https:\/\/exclusive-consultant.com\/index.php?rest_route=\/wp\/v2\/users\/1"}],"replies":[{"embeddable":true,"href":"https:\/\/exclusive-consultant.com\/index.php?rest_route=%2Fwp%2Fv2%2Fcomments&post=21251"}],"version-history":[{"count":6,"href":"https:\/\/exclusive-consultant.com\/index.php?rest_route=\/wp\/v2\/pages\/21251\/revisions"}],"predecessor-version":[{"id":21385,"href":"https:\/\/exclusive-consultant.com\/index.php?rest_route=\/wp\/v2\/pages\/21251\/revisions\/21385"}],"wp:attachment":[{"href":"https:\/\/exclusive-consultant.com\/index.php?rest_route=%2Fwp%2Fv2%2Fmedia&parent=21251"}],"curies":[{"name":"wp","href":"https:\/\/api.w.org\/{rel}","templated":true}]}}