{"id":21243,"date":"2024-11-24T19:25:43","date_gmt":"2024-11-24T19:25:43","guid":{"rendered":"https:\/\/exclusive-consultant.com\/?page_id=21243"},"modified":"2024-11-25T19:52:42","modified_gmt":"2024-11-25T19:52:42","slug":"cgu","status":"publish","type":"page","link":"https:\/\/exclusive-consultant.com\/?page_id=21243","title":{"rendered":"CGU"},"content":{"rendered":"<p>[et_pb_section fb_built=\u00a0\u00bb1&Prime; _builder_version=\u00a0\u00bb4.27.3&Prime; _module_preset=\u00a0\u00bbdefault\u00a0\u00bb custom_padding=\u00a0\u00bb0px||0px|||\u00a0\u00bb sticky_position=\u00a0\u00bbtop\u00a0\u00bb global_colors_info=\u00a0\u00bb{}\u00a0\u00bb][et_pb_row _builder_version=\u00a0\u00bb4.22.2&Prime; _module_preset=\u00a0\u00bbdefault\u00a0\u00bb custom_padding=\u00a0\u00bb0px||0px|||\u00a0\u00bb global_colors_info=\u00a0\u00bb{}\u00a0\u00bb][et_pb_column type=\u00a0\u00bb4_4&Prime; _builder_version=\u00a0\u00bb4.22.2&Prime; _module_preset=\u00a0\u00bbdefault\u00a0\u00bb global_colors_info=\u00a0\u00bb{}\u00a0\u00bb][et_pb_menu menu_id=\u00a0\u00bb13&Prime; menu_style=\u00a0\u00bbinline_centered_logo\u00a0\u00bb logo=\u00a0\u00bbhttps:\/\/exclusive-consultant.com\/wp-content\/uploads\/2024\/11\/CUserscedriOneDriveBureauScreenshot2024-11-25-00_12_24-Logo-EC-Logo-Canva.jpg.jpg\u00a0\u00bb logo_url=\u00a0\u00bb@ET-DC@eyJkeW5hbWljIjp0cnVlLCJjb250ZW50IjoicG9zdF9saW5rX3VybF9wYWdlIiwic2V0dGluZ3MiOnsicG9zdF9pZCI6IjcifX0=@\u00a0\u00bb logo_last_edited=\u00a0\u00bbon|phone\u00a0\u00bb _builder_version=\u00a0\u00bb4.27.3&Prime; _dynamic_attributes=\u00a0\u00bblogo_url\u00a0\u00bb _module_preset=\u00a0\u00bbdefault\u00a0\u00bb custom_padding=\u00a0\u00bb||0px|||\u00a0\u00bb hover_enabled=\u00a0\u00bb0&Prime; global_colors_info=\u00a0\u00bb{}\u00a0\u00bb module_class=\u00a0\u00bbpa-open-mobile-menu\u00a0\u00bb sticky_enabled=\u00a0\u00bb0&Prime; logo_phone=\u00a0\u00bb\u00a0\u00bb logo_tablet=\u00a0\u00bbhttps:\/\/exclusive-consultant.com\/wp-content\/uploads\/2024\/11\/CUserscedriOneDriveBureauScreenshot2024-11-25-00_12_24-Logo-EC-Logo-Canva.jpg.jpg\u00a0\u00bb][\/et_pb_menu][\/et_pb_column][\/et_pb_row][\/et_pb_section][et_pb_section fb_built=\u00a0\u00bb1&Prime; admin_label=\u00a0\u00bbAbout\u00a0\u00bb _builder_version=\u00a0\u00bb4.16&Prime; custom_padding=\u00a0\u00bb61px|0px|0px|0px||\u00a0\u00bb global_colors_info=\u00a0\u00bb{}\u00a0\u00bb][et_pb_row use_custom_gutter=\u00a0\u00bbon\u00a0\u00bb gutter_width=\u00a0\u00bb0&Prime; _builder_version=\u00a0\u00bb4.20.2&Prime; custom_margin=\u00a0\u00bb|||\u00a0\u00bb custom_padding=\u00a0\u00bb|||\u00a0\u00bb global_colors_info=\u00a0\u00bb{}\u00a0\u00bb][et_pb_column type=\u00a0\u00bb4_4&Prime; _builder_version=\u00a0\u00bb4.16&Prime; custom_padding=\u00a0\u00bb|||\u00a0\u00bb global_colors_info=\u00a0\u00bb{}\u00a0\u00bb custom_padding__hover=\u00a0\u00bb|||\u00a0\u00bb][et_pb_text _builder_version=\u00a0\u00bb4.22.2&Prime; text_font=\u00a0\u00bb||||||||\u00a0\u00bb header_font=\u00a0\u00bb||||||||\u00a0\u00bb header_2_font=\u00a0\u00bbMerriweather|700|||||||\u00a0\u00bb header_2_font_size=\u00a0\u00bb29px\u00a0\u00bb header_2_line_height=\u00a0\u00bb1.3em\u00a0\u00bb custom_margin=\u00a0\u00bb|||\u00a0\u00bb custom_padding=\u00a0\u00bb|||\u00a0\u00bb header_2_text_color_tablet=\u00a0\u00bb\u00a0\u00bb header_2_text_color_phone=\u00a0\u00bb\u00a0\u00bb header_2_text_color_last_edited=\u00a0\u00bbon|phone\u00a0\u00bb header_2_font_size_tablet=\u00a0\u00bb40px\u00a0\u00bb header_2_font_size_phone=\u00a0\u00bb30px\u00a0\u00bb header_2_font_size_last_edited=\u00a0\u00bbon|desktop\u00a0\u00bb global_colors_info=\u00a0\u00bb{}\u00a0\u00bb]<\/p>\n<h2><span style=\"color: #846d62;\"><strong>CONDITIONS G\u00c9N\u00c9RALES D&rsquo;UTILISATION DU SITE WEB<\/strong><br \/><strong>EXCLUSIVE CONSULTANT<\/strong><\/span><\/h2>\n<p>[\/et_pb_text][et_pb_divider color=\u00a0\u00bb#846d62&Prime; divider_position=\u00a0\u00bbcenter\u00a0\u00bb divider_weight=\u00a0\u00bb3px\u00a0\u00bb _builder_version=\u00a0\u00bb4.22.2&Prime; max_width=\u00a0\u00bb90px\u00a0\u00bb max_width_tablet=\u00a0\u00bb13%\u00a0\u00bb max_width_last_edited=\u00a0\u00bboff|desktop\u00a0\u00bb custom_margin=\u00a0\u00bb15px|||\u00a0\u00bb custom_padding=\u00a0\u00bb|||\u00a0\u00bb global_colors_info=\u00a0\u00bb{}\u00a0\u00bb][\/et_pb_divider][et_pb_text admin_label=\u00a0\u00bbdescription\u00a0\u00bb _builder_version=\u00a0\u00bb4.27.3&Prime; text_font=\u00a0\u00bb||||||||\u00a0\u00bb text_font_size=\u00a0\u00bb20px\u00a0\u00bb text_line_height=\u00a0\u00bb1.8em\u00a0\u00bb max_width_tablet=\u00a0\u00bb89%\u00a0\u00bb max_width_phone=\u00a0\u00bb97%\u00a0\u00bb max_width_last_edited=\u00a0\u00bboff|desktop\u00a0\u00bb custom_margin=\u00a0\u00bb30px|||\u00a0\u00bb custom_padding=\u00a0\u00bb|||\u00a0\u00bb global_colors_info=\u00a0\u00bb{}\u00a0\u00bb]<\/p>\n<p>&nbsp;<\/p>\n<hr \/>\n<h3><strong>ARTICLE 1 : Objet<\/strong><\/h3>\n<p>Les pr\u00e9sentes Conditions G\u00e9n\u00e9rales d&rsquo;Utilisation (CGU) r\u00e9gissent l&rsquo;acc\u00e8s et l&rsquo;utilisation du site internet<span>\u00a0<\/span><strong><a rel=\"noopener\" target=\"_new\" href=\"http:\/\/www.exclusiveconsultant.com\/\"><span>www<\/span><span>.exclusive-consultant<\/span><span>.com<\/span><\/a><\/strong><span>\u00a0<\/span>(ci-apr\u00e8s le \u00ab Site \u00bb). En acc\u00e9dant au Site, l&rsquo;utilisateur (ci-apr\u00e8s l&rsquo;\u00ab Utilisateur \u00bb) accepte sans r\u00e9serve les pr\u00e9sentes CGU.<\/p>\n<hr \/>\n<h3><strong>ARTICLE 2 : Mentions l\u00e9gales<\/strong><\/h3>\n<p>Le Site est \u00e9dit\u00e9 par<span>\u00a0<\/span><strong>Exclusive Consultant<\/strong>, soci\u00e9t\u00e9 sp\u00e9cialis\u00e9e dans la formation professionnelle, inscrite au registre du commerce de Toulouse.<br \/><strong>Si\u00e8ge social<\/strong><span>\u00a0<\/span>: 14 rue du pont du Sor 31250 Revel<br \/><strong>Contact<\/strong><span>\u00a0<\/span>: <a href=\"mailto:exclusiveconsultant@outlook.com\">exclusiveconsultant@outlook.com<\/a> \/ 07 70 26 89 37<br \/><strong>Directeur de la publication<\/strong><span>\u00a0<\/span>: Catherine SNELA<br \/><strong>H\u00e9bergeur<\/strong><span>\u00a0<\/span>: OVHcloud : 2 rue Kellermann \u2013 BP 80157 59053 ROUBAIX CEDEX 1<\/p>\n<hr \/>\n<h3><strong>ARTICLE 3 : Services propos\u00e9s<\/strong><\/h3>\n<p>Le Site propose les services suivants :<\/p>\n<ul>\n<li>Informations sur les formations propos\u00e9es par Exclusive Consultant.<\/li>\n<\/ul>\n<p>Exclusive Consultant s&rsquo;efforce de maintenir le Site accessible \u00e0 tout moment, mais ne garantit pas une disponibilit\u00e9 ininterrompue.<\/p>\n<hr \/>\n<h3><strong>ARTICLE 4 : Acc\u00e8s au Site<\/strong><\/h3>\n<p>Le Site est accessible gratuitement \u00e0 tout Utilisateur disposant d\u2019un acc\u00e8s \u00e0 Internet. Les \u00e9ventuels frais d\u2019acc\u00e8s au r\u00e9seau sont \u00e0 la charge de l\u2019Utilisateur.<\/p>\n<hr \/>\n<h3><strong>ARTICLE 5 : Propri\u00e9t\u00e9 intellectuelle<\/strong><\/h3>\n<p>Tous les contenus pr\u00e9sents sur le Site (textes, images, vid\u00e9os, logos, graphiques, documents t\u00e9l\u00e9chargeables, etc.) sont prot\u00e9g\u00e9s par le droit de la propri\u00e9t\u00e9 intellectuelle et appartiennent exclusivement \u00e0 Exclusive Consultant ou \u00e0 ses partenaires.<br \/>Toute reproduction, repr\u00e9sentation, modification ou exploitation totale ou partielle des contenus du Site est interdite sans autorisation pr\u00e9alable \u00e9crite.<\/p>\n<hr \/>\n<h3><strong>ARTICLE 6 : Donn\u00e9es personnelles<\/strong><\/h3>\n<p>Exclusive Consultant respecte la vie priv\u00e9e de ses Utilisateurs. Les donn\u00e9es collect\u00e9es via le Site sont trait\u00e9es conform\u00e9ment aux normes RGPD.<br \/>L\u2019Utilisateur dispose d\u2019un droit d\u2019acc\u00e8s, de rectification et de suppression de ses donn\u00e9es personnelles en contactant : exclusiveconsultant@outlook.com<\/p>\n<hr \/>\n<h3><strong>ARTICLE 7 : Responsabilit\u00e9<\/strong><\/h3>\n<p>Exclusive Consultant met tout en \u0153uvre pour fournir des informations \u00e0 jour et exactes sur le Site, mais ne peut garantir leur exhaustivit\u00e9 ou leur pertinence \u00e0 tout moment.<br \/>Exclusive Consultant ne saurait \u00eatre tenue responsable :<\/p>\n<ul>\n<li>des interruptions temporaires ou permanentes du Site,<\/li>\n<li>des \u00e9ventuels dommages r\u00e9sultant de l\u2019utilisation du Site ou de l\u2019impossibilit\u00e9 d\u2019y acc\u00e9der,<\/li>\n<li>des contenus ou services accessibles via des liens externes pr\u00e9sents sur le Site.<\/li>\n<\/ul>\n<hr \/>\n<h3><strong>ARTICLE 8 : Obligations de l\u2019Utilisateur<\/strong><\/h3>\n<p>L\u2019Utilisateur s\u2019engage \u00e0 :<\/p>\n<ul>\n<li>Utiliser le Site de mani\u00e8re conforme \u00e0 la l\u00e9gislation en vigueur.<\/li>\n<li>Ne pas perturber le bon fonctionnement du Site.<\/li>\n<li>Ne pas reproduire ou exploiter les contenus sans autorisation.<\/li>\n<\/ul>\n<hr \/>\n<h3><strong>ARTICLE 9 : Modification des CGU<\/strong><\/h3>\n<p>Exclusive Consultant se r\u00e9serve le droit de modifier les pr\u00e9sentes CGU \u00e0 tout moment. Les Utilisateurs sont invit\u00e9s \u00e0 consulter r\u00e9guli\u00e8rement cette page pour se tenir inform\u00e9s des \u00e9ventuelles mises \u00e0 jour.<\/p>\n<hr \/>\n<h3><strong>ARTICLE 10 : Droit applicable et juridiction comp\u00e9tente<\/strong><\/h3>\n<p>Les pr\u00e9sentes CGU sont r\u00e9gies par le droit fran\u00e7ais. En cas de litige, et \u00e0 d\u00e9faut de r\u00e9solution amiable, les tribunaux de Toulouse seront seuls comp\u00e9tents.<\/p>\n<hr \/>\n<p>Pour toute question relative aux CGU ou au fonctionnement du Site, veuillez contacter : exclusiveconsultant@outlook.com<\/p>\n<p>[\/et_pb_text][\/et_pb_column][\/et_pb_row][\/et_pb_section][et_pb_section fb_built=\u00a0\u00bb1&Prime; _builder_version=\u00a0\u00bb4.16&Prime; _module_preset=\u00a0\u00bbdefault\u00a0\u00bb custom_margin=\u00a0\u00bb||-7px|||\u00a0\u00bb custom_padding=\u00a0\u00bb0px||0px|||\u00a0\u00bb global_colors_info=\u00a0\u00bb{}\u00a0\u00bb][et_pb_row use_custom_gutter=\u00a0\u00bbon\u00a0\u00bb gutter_width=\u00a0\u00bb1&Prime; make_equal=\u00a0\u00bbon\u00a0\u00bb _builder_version=\u00a0\u00bb4.16&Prime; background_color=\u00a0\u00bb#141414&Prime; width=\u00a0\u00bb100%\u00a0\u00bb max_width=\u00a0\u00bb100%\u00a0\u00bb custom_padding=\u00a0\u00bb0px||||false|false\u00a0\u00bb global_colors_info=\u00a0\u00bb{}\u00a0\u00bb][et_pb_column type=\u00a0\u00bb4_4&Prime; _builder_version=\u00a0\u00bb4.16&Prime; global_colors_info=\u00a0\u00bb{}\u00a0\u00bb][et_pb_divider color=\u00a0\u00bb#846d62&Prime; divider_position=\u00a0\u00bbcenter\u00a0\u00bb _builder_version=\u00a0\u00bb4.22.2&Prime; custom_margin=\u00a0\u00bb10px||||false|false\u00a0\u00bb custom_padding=\u00a0\u00bb||0px|||\u00a0\u00bb global_colors_info=\u00a0\u00bb{}\u00a0\u00bb][\/et_pb_divider][et_pb_menu menu_id=\u00a0\u00bb3&Prime; menu_style=\u00a0\u00bbcentered\u00a0\u00bb submenu_direction=\u00a0\u00bbupwards\u00a0\u00bb active_link_color=\u00a0\u00bb#E09900&Prime; module_class=\u00a0\u00bbpa-open-mobile-menu\u00a0\u00bb _builder_version=\u00a0\u00bb4.27.3&Prime; _module_preset=\u00a0\u00bbdefault\u00a0\u00bb menu_text_color=\u00a0\u00bb#FFFFFF\u00a0\u00bb background_color=\u00a0\u00bbRGBA(255,255,255,0)\u00a0\u00bb global_colors_info=\u00a0\u00bb{}\u00a0\u00bb][\/et_pb_menu][et_pb_text _builder_version=\u00a0\u00bb4.22.2&Prime; text_font=\u00a0\u00bbRoboto Condensed||||||||\u00a0\u00bb text_text_color=\u00a0\u00bb#FFFFFF\u00a0\u00bb text_font_size=\u00a0\u00bb15px\u00a0\u00bb text_line_height=\u00a0\u00bb0.9em\u00a0\u00bb text_orientation=\u00a0\u00bbcenter\u00a0\u00bb custom_margin=\u00a0\u00bb14px||||false|false\u00a0\u00bb text_line_height_tablet=\u00a0\u00bb\u00a0\u00bb text_line_height_phone=\u00a0\u00bb1.3em\u00a0\u00bb text_line_height_last_edited=\u00a0\u00bbon|desktop\u00a0\u00bb global_colors_info=\u00a0\u00bb{}\u00a0\u00bb text_line_height__hover_enabled=\u00a0\u00bboff|desktop\u00a0\u00bb]<\/p>\n<p>Copyright \u00a9 2024 &#8211; Conception <a href=\"https:\/\/vermon.site\"> <span style=\"color: #846d62;\">Agence Vermon<\/span><\/a><\/p>\n<p>[\/et_pb_text][\/et_pb_column][\/et_pb_row][\/et_pb_section]<\/p>\n","protected":false},"excerpt":{"rendered":"<p>CONDITIONS G\u00c9N\u00c9RALES D&rsquo;UTILISATION DU SITE WEBEXCLUSIVE CONSULTANT&nbsp; ARTICLE 1 : Objet Les pr\u00e9sentes Conditions G\u00e9n\u00e9rales d&rsquo;Utilisation (CGU) r\u00e9gissent l&rsquo;acc\u00e8s et l&rsquo;utilisation du site internet\u00a0www.exclusive-consultant.com\u00a0(ci-apr\u00e8s le \u00ab Site \u00bb). En acc\u00e9dant au Site, l&rsquo;utilisateur (ci-apr\u00e8s l&rsquo;\u00ab Utilisateur \u00bb) accepte sans r\u00e9serve les pr\u00e9sentes CGU. ARTICLE 2 : Mentions l\u00e9gales Le Site est \u00e9dit\u00e9 par\u00a0Exclusive Consultant, soci\u00e9t\u00e9 [&hellip;]<\/p>\n","protected":false},"author":1,"featured_media":0,"parent":0,"menu_order":0,"comment_status":"closed","ping_status":"closed","template":"page-template-blank.php","meta":{"_et_pb_use_builder":"on","_et_pb_old_content":"","_et_gb_content_width":"","footnotes":""},"class_list":["post-21243","page","type-page","status-publish","hentry"],"yoast_head":"<!-- This site is optimized with the Yoast SEO plugin v23.7 - https:\/\/yoast.com\/wordpress\/plugins\/seo\/ -->\n<title>CGU - Exclusive Consultant<\/title>\n<meta name=\"robots\" content=\"index, follow, max-snippet:-1, max-image-preview:large, max-video-preview:-1\" \/>\n<link rel=\"canonical\" href=\"https:\/\/exclusive-consultant.com\/?page_id=21243\" \/>\n<meta property=\"og:locale\" content=\"fr_FR\" \/>\n<meta property=\"og:type\" content=\"article\" \/>\n<meta property=\"og:title\" content=\"CGU - Exclusive Consultant\" \/>\n<meta property=\"og:description\" content=\"CONDITIONS G\u00c9N\u00c9RALES D&#039;UTILISATION DU SITE WEBEXCLUSIVE CONSULTANT&nbsp; ARTICLE 1 : Objet Les pr\u00e9sentes Conditions G\u00e9n\u00e9rales d&#039;Utilisation (CGU) r\u00e9gissent l&#039;acc\u00e8s et l&#039;utilisation du site internet\u00a0www.exclusive-consultant.com\u00a0(ci-apr\u00e8s le \u00ab Site \u00bb). En acc\u00e9dant au Site, l&#039;utilisateur (ci-apr\u00e8s l&#039;\u00ab Utilisateur \u00bb) accepte sans r\u00e9serve les pr\u00e9sentes CGU. ARTICLE 2 : Mentions l\u00e9gales Le Site est \u00e9dit\u00e9 par\u00a0Exclusive Consultant, soci\u00e9t\u00e9 [&hellip;]\" \/>\n<meta property=\"og:url\" content=\"https:\/\/exclusive-consultant.com\/?page_id=21243\" \/>\n<meta property=\"og:site_name\" content=\"Exclusive Consultant\" \/>\n<meta property=\"article:modified_time\" content=\"2024-11-25T19:52:42+00:00\" \/>\n<meta name=\"twitter:card\" content=\"summary_large_image\" \/>\n<meta name=\"twitter:label1\" content=\"Dur\u00e9e de lecture estim\u00e9e\" \/>\n\t<meta name=\"twitter:data1\" content=\"3 minutes\" \/>\n<script type=\"application\/ld+json\" class=\"yoast-schema-graph\">{\"@context\":\"https:\/\/schema.org\",\"@graph\":[{\"@type\":\"WebPage\",\"@id\":\"https:\/\/exclusive-consultant.com\/?page_id=21243\",\"url\":\"https:\/\/exclusive-consultant.com\/?page_id=21243\",\"name\":\"CGU - Exclusive Consultant\",\"isPartOf\":{\"@id\":\"https:\/\/exclusive-consultant.com\/#website\"},\"datePublished\":\"2024-11-24T19:25:43+00:00\",\"dateModified\":\"2024-11-25T19:52:42+00:00\",\"breadcrumb\":{\"@id\":\"https:\/\/exclusive-consultant.com\/?page_id=21243#breadcrumb\"},\"inLanguage\":\"fr-FR\",\"potentialAction\":[{\"@type\":\"ReadAction\",\"target\":[\"https:\/\/exclusive-consultant.com\/?page_id=21243\"]}]},{\"@type\":\"BreadcrumbList\",\"@id\":\"https:\/\/exclusive-consultant.com\/?page_id=21243#breadcrumb\",\"itemListElement\":[{\"@type\":\"ListItem\",\"position\":1,\"name\":\"Home\",\"item\":\"https:\/\/exclusive-consultant.com\/\"},{\"@type\":\"ListItem\",\"position\":2,\"name\":\"CGU\"}]},{\"@type\":\"WebSite\",\"@id\":\"https:\/\/exclusive-consultant.com\/#website\",\"url\":\"https:\/\/exclusive-consultant.com\/\",\"name\":\"Exclusive Consultant\",\"description\":\"Formation &amp; R\u00e9daction du DUERP\",\"potentialAction\":[{\"@type\":\"SearchAction\",\"target\":{\"@type\":\"EntryPoint\",\"urlTemplate\":\"https:\/\/exclusive-consultant.com\/?s={search_term_string}\"},\"query-input\":{\"@type\":\"PropertyValueSpecification\",\"valueRequired\":true,\"valueName\":\"search_term_string\"}}],\"inLanguage\":\"fr-FR\"}]}<\/script>\n<!-- \/ Yoast SEO plugin. -->","yoast_head_json":{"title":"CGU - Exclusive Consultant","robots":{"index":"index","follow":"follow","max-snippet":"max-snippet:-1","max-image-preview":"max-image-preview:large","max-video-preview":"max-video-preview:-1"},"canonical":"https:\/\/exclusive-consultant.com\/?page_id=21243","og_locale":"fr_FR","og_type":"article","og_title":"CGU - Exclusive Consultant","og_description":"CONDITIONS G\u00c9N\u00c9RALES D'UTILISATION DU SITE WEBEXCLUSIVE CONSULTANT&nbsp; ARTICLE 1 : Objet Les pr\u00e9sentes Conditions G\u00e9n\u00e9rales d'Utilisation (CGU) r\u00e9gissent l'acc\u00e8s et l'utilisation du site internet\u00a0www.exclusive-consultant.com\u00a0(ci-apr\u00e8s le \u00ab Site \u00bb). En acc\u00e9dant au Site, l'utilisateur (ci-apr\u00e8s l'\u00ab Utilisateur \u00bb) accepte sans r\u00e9serve les pr\u00e9sentes CGU. ARTICLE 2 : Mentions l\u00e9gales Le Site est \u00e9dit\u00e9 par\u00a0Exclusive Consultant, soci\u00e9t\u00e9 [&hellip;]","og_url":"https:\/\/exclusive-consultant.com\/?page_id=21243","og_site_name":"Exclusive Consultant","article_modified_time":"2024-11-25T19:52:42+00:00","twitter_card":"summary_large_image","twitter_misc":{"Dur\u00e9e de lecture estim\u00e9e":"3 minutes"},"schema":{"@context":"https:\/\/schema.org","@graph":[{"@type":"WebPage","@id":"https:\/\/exclusive-consultant.com\/?page_id=21243","url":"https:\/\/exclusive-consultant.com\/?page_id=21243","name":"CGU - Exclusive Consultant","isPartOf":{"@id":"https:\/\/exclusive-consultant.com\/#website"},"datePublished":"2024-11-24T19:25:43+00:00","dateModified":"2024-11-25T19:52:42+00:00","breadcrumb":{"@id":"https:\/\/exclusive-consultant.com\/?page_id=21243#breadcrumb"},"inLanguage":"fr-FR","potentialAction":[{"@type":"ReadAction","target":["https:\/\/exclusive-consultant.com\/?page_id=21243"]}]},{"@type":"BreadcrumbList","@id":"https:\/\/exclusive-consultant.com\/?page_id=21243#breadcrumb","itemListElement":[{"@type":"ListItem","position":1,"name":"Home","item":"https:\/\/exclusive-consultant.com\/"},{"@type":"ListItem","position":2,"name":"CGU"}]},{"@type":"WebSite","@id":"https:\/\/exclusive-consultant.com\/#website","url":"https:\/\/exclusive-consultant.com\/","name":"Exclusive Consultant","description":"Formation &amp; R\u00e9daction du DUERP","potentialAction":[{"@type":"SearchAction","target":{"@type":"EntryPoint","urlTemplate":"https:\/\/exclusive-consultant.com\/?s={search_term_string}"},"query-input":{"@type":"PropertyValueSpecification","valueRequired":true,"valueName":"search_term_string"}}],"inLanguage":"fr-FR"}]}},"_links":{"self":[{"href":"https:\/\/exclusive-consultant.com\/index.php?rest_route=\/wp\/v2\/pages\/21243","targetHints":{"allow":["GET"]}}],"collection":[{"href":"https:\/\/exclusive-consultant.com\/index.php?rest_route=\/wp\/v2\/pages"}],"about":[{"href":"https:\/\/exclusive-consultant.com\/index.php?rest_route=\/wp\/v2\/types\/page"}],"author":[{"embeddable":true,"href":"https:\/\/exclusive-consultant.com\/index.php?rest_route=\/wp\/v2\/users\/1"}],"replies":[{"embeddable":true,"href":"https:\/\/exclusive-consultant.com\/index.php?rest_route=%2Fwp%2Fv2%2Fcomments&post=21243"}],"version-history":[{"count":11,"href":"https:\/\/exclusive-consultant.com\/index.php?rest_route=\/wp\/v2\/pages\/21243\/revisions"}],"predecessor-version":[{"id":21384,"href":"https:\/\/exclusive-consultant.com\/index.php?rest_route=\/wp\/v2\/pages\/21243\/revisions\/21384"}],"wp:attachment":[{"href":"https:\/\/exclusive-consultant.com\/index.php?rest_route=%2Fwp%2Fv2%2Fmedia&parent=21243"}],"curies":[{"name":"wp","href":"https:\/\/api.w.org\/{rel}","templated":true}]}}